{"id":7,"date":"2021-03-04T10:17:09","date_gmt":"2021-03-04T09:17:09","guid":{"rendered":"http:\/\/www.interaaction.com\/?page_id=7"},"modified":"2021-04-09T09:41:03","modified_gmt":"2021-04-09T07:41:03","slug":"a-propos-de","status":"publish","type":"page","link":"https:\/\/www.interaaction.com\/index.php\/a-propos-de\/","title":{"rendered":"Membres et contacts"},"content":{"rendered":"\n<p class=\"has-drop-cap has-white-color has-dark-gray-background-color has-text-color has-background has-normal-font-size\">InterAACtion implique des chercheurs de diff\u00e9rentes disciplines. En effet, Interaction, communication et langage sont interd\u00e9pendants et la Communication Augment\u00e9e et Alternative est un domaine de recherche large aux croisement d&#8217;enjeux fondamentaux, th\u00e9oriques et technologiques. Beaucoup reste \u00e0 apprendre et \u00e0 faire pour que la CAA se d\u00e9veloppe et devienne le quotidien des personnes qui en ont besoin. Si vous avez envie de nous rejoindre, n&#8217;h\u00e9sitez-pas \u00e0 nous contacter.<\/p>\n\n\n\n<figure class=\"wp-block-image size-large is-resized\"><img loading=\"lazy\" src=\"https:\/\/www.interaaction.com\/wp-content\/uploads\/2021\/04\/ROSACE_CAA.png\" alt=\"\" class=\"wp-image-249\" width=\"629\" height=\"629\" srcset=\"https:\/\/www.interaaction.com\/wp-content\/uploads\/2021\/04\/ROSACE_CAA.png 500w, https:\/\/www.interaaction.com\/wp-content\/uploads\/2021\/04\/ROSACE_CAA-300x300.png 300w, https:\/\/www.interaaction.com\/wp-content\/uploads\/2021\/04\/ROSACE_CAA-150x150.png 150w\" sizes=\"(max-width: 629px) 100vw, 629px\" \/><\/figure>\n\n\n\n<div class=\"wp-block-media-text alignwide\" style=\"grid-template-columns:15% auto\"><figure class=\"wp-block-media-text__media\"><img loading=\"lazy\" width=\"102\" height=\"119\" src=\"http:\/\/www.interaaction.com\/wp-content\/uploads\/2021\/03\/Marion_Picture.png\" alt=\"\" class=\"wp-image-199 size-full\"\/><\/figure><div class=\"wp-block-media-text__content\">\n<p class=\"has-large-font-size\"><a href=\"https:\/\/www.gipsa-lab.grenoble-inp.fr\/~marion.dohen\/\">Marion Dohen<\/a><\/p>\n<\/div><\/div>\n\n\n\n<div class=\"wp-block-media-text alignwide\" style=\"grid-template-columns:15% auto\"><figure class=\"wp-block-media-text__media\"><img loading=\"lazy\" width=\"149\" height=\"237\" src=\"http:\/\/www.interaaction.com\/wp-content\/uploads\/2021\/03\/benjamin.jpg\" alt=\"\" class=\"wp-image-198 size-full\"\/><\/figure><div class=\"wp-block-media-text__content\">\n<p class=\"has-normal-font-size\"><a href=\"https:\/\/cv.archives-ouvertes.fr\/benjamin-lecouteux\">Benjamin Lecouteux<\/a> Apr\u00e8s une th\u00e8se portant sur la reconnaissance automatique de la parole (RAP) obtenue en 2008 \u00e0 l&#8217;universit\u00e9 d&#8217;Avignon, Benjamin Lecouteux est devenu enseignant-chercheur en 2011 au Laboratoire Informatique de Grenoble (LIG), au sein du Groupe d\u2019\u00c9tude en Traduction Automatique\/Traitement Automatis\u00e9 des Langues et de la Parole (GETALP). Il a \u00e9crit une centaines de publications dans des conf\u00e9rences et journaux internationaux, il a \u00e9t\u00e9 impliqu\u00e9 dans plusieurs projets ANR li\u00e9s \u00e0 la RAP ou \u00e0 la TA. Il dirige la partie fran\u00e7aise du projet franco-suisse Propicto financ\u00e9 par l&#8217;Agence Nationale de la Recherche (France) et le Fond National Suisse portant sur la traduction automatique de la langue naturelle vers des pictogrammes<\/p>\n<\/div><\/div>\n\n\n\n<div class=\"wp-block-media-text alignwide\" style=\"grid-template-columns:15% auto\"><figure class=\"wp-block-media-text__media\"><img loading=\"lazy\" width=\"98\" height=\"119\" src=\"http:\/\/www.interaaction.com\/wp-content\/uploads\/2021\/03\/ARC_Picture.png\" alt=\"\" class=\"wp-image-197 size-full\"\/><\/figure><div class=\"wp-block-media-text__content\">\n<p class=\"has-normal-font-size\"><a href=\"https:\/\/www.gipsa-lab.grenoble-inp.fr\/~amelie.rochet-capellan\/\">Am\u00e9lie Rochet-Capellan<\/a>. J&#8217;ai une formation initiale en psychologie cognitive et en informatique. Apr\u00e8s avoir travaill\u00e9 2 ans en informatique je me suis lanc\u00e9e dans en master en sciences cognitives puis <a href=\"https:\/\/tel.archives-ouvertes.fr\/tel-00200933\/document\">une th\u00e8se sur les relations entre la motricit\u00e9 et le langage que j&#8217;ai soutenue en 2007<\/a>. Je suis ensuite partie presque 3 ans \u00e0 l&#8217;Universit\u00e9 McGill de Montr\u00e9al pour travailler sur le contr\u00f4le moteur de la parole puis 1 an \u00e0 Berlin pour travailler sur le contr\u00f4le respiratoire dans la production de la parole. Recrut\u00e9e en 2012 au CNRS en science du langage au laboratoire <a href=\"http:\/\/www.gipsa-lab.grenoble-inp.fr\">Gipsa-lab,<\/a> je m&#8217;int\u00e9resse \u00e0 la relation entr<a href=\"http:\/\/salammbo-anr-dfg.ovh\" data-type=\"URL\">e le langage et le corps.<\/a> <a href=\"https:\/\/adorabletoi.com\">Grande soeur d&#8217;une personne avec trisomie 21 et maman d&#8217;une petite fille avec le syndrome d&#8217;Angelman<\/a> j&#8217;oriente ma recherche vers la compr\u00e9hension et l&#8217;am\u00e9lioration de la communication des personnes avec des d\u00e9ficiences intellectuelles. Ces d\u00e9ficiences sont souvent ancr\u00e9es dans des troubles perceptuo-moteurs qui affectent le d\u00e9veloppement de la parole. Or, le lien entre le perceptuo-moteur et le cognitif est au coeur de mes recherches depuis plus de 15 ans&#8230; Je forme aussi des \u00e9tudiants de diff\u00e9rents cursus via des s\u00e9minaires et des encadrements de projets. Je passe de plus en plus d&#8217;\u00e9nergie \u00e0 essayer de r\u00e9duire les d\u00e9lais de transfert de la connaissance de la recherche \u00e0 la pratique de terrain afin d&#8217;appuyer et d&#8217;aider le d\u00e9veloppement de pratiques &#8220;\u00e9vidence-based&#8221;.<\/p>\n<\/div><\/div>\n\n\n\n<div class=\"wp-block-media-text alignwide\" style=\"grid-template-columns:15% auto\"><figure class=\"wp-block-media-text__media\"><img loading=\"lazy\" width=\"852\" height=\"852\" src=\"http:\/\/www.interaaction.com\/wp-content\/uploads\/2021\/03\/DS.jpg\" alt=\"\" class=\"wp-image-201 size-full\" srcset=\"https:\/\/www.interaaction.com\/wp-content\/uploads\/2021\/03\/DS.jpg 852w, https:\/\/www.interaaction.com\/wp-content\/uploads\/2021\/03\/DS-300x300.jpg 300w, https:\/\/www.interaaction.com\/wp-content\/uploads\/2021\/03\/DS-150x150.jpg 150w, https:\/\/www.interaaction.com\/wp-content\/uploads\/2021\/03\/DS-768x768.jpg 768w\" sizes=\"(max-width: 852px) 100vw, 852px\" \/><\/figure><div class=\"wp-block-media-text__content\">\n<p class=\"has-normal-font-size\"><a href=\"https:\/\/lig-membres.imag.fr\/schwab\/\">Didier Schwab<\/a>. J&#8217;ai une formation initiale en informatique. J&#8217;ai rapidement d\u00e9couvert le potentiel que m&#8217;offrait cette discipline et j&#8217;ai \u00e9t\u00e9 rapidement fascin\u00e9 par ce que me permettaient les machines et j&#8217;ai cherch\u00e9 \u00e0 savoir jusqu&#8217;o\u00f9 on pouvait aller pour &#8220;comprendre&#8221; les humains. Je me suis ainsi int\u00e9ress\u00e9 \u00e0 la communication en g\u00e9n\u00e9ral, aux languages naturels et artificiels que ce soit les textes \u00e9crits ou la parole dans un domaine en plein expansion aujourd&#8217;hui, l&#8217;Intelligence Artificielle. En 2012, j&#8217;ai eu une fille, Tess qui s&#8217;est av\u00e9r\u00e9e \u00eatre atteinte du syndrome de Rett. Pass\u00e9e la sid\u00e9ration, j&#8217;ai cherch\u00e9 \u00e0 voir comment mes recherches pouvaient \u00eatre exploit\u00e9es dans le domaine de la Communication Alternative et Augment\u00e9e et j&#8217;ai commenc\u00e9 \u00e0 encadrer plusieurs \u00e9tudiant(e)s et d\u00e9poser des projets de recherche avec Benjamin puis avec Am\u00e9lie et Marion.  Mes recherches s&#8217;articulent aujourd&#8217;hui autour des interactions humains-machine via les langages naturels ou artificiels, la capture du regard et demain, qui sait, des moyens plus directs mais non invasifs pour savoir ce qu&#8217;il se passe dans les cerveaux et je participe au d\u00e9veloppement conceptuel et technique de plusieurs projets de logiciels libres destin\u00e9s aux personnes en situation de handicap (GazePlay, interaaction Scene, interaaction Box, AugCom).<\/p>\n<\/div><\/div>\n\n\n\n<p><\/p>\n","protected":false},"excerpt":{"rendered":"<p>InterAACtion implique des chercheurs de diff\u00e9rentes disciplines. En effet, Interaction, communication et langage sont interd\u00e9pendants et la Communication Augment\u00e9e et Alternative est un domaine de recherche large aux croisement d&#8217;enjeux fondamentaux, th\u00e9oriques et technologiques. Beaucoup reste \u00e0 apprendre et \u00e0 faire pour que la CAA se d\u00e9veloppe et devienne le quotidien des personnes qui en&hellip; <a class=\"more-link\" href=\"https:\/\/www.interaaction.com\/index.php\/a-propos-de\/\">Continue reading <span class=\"screen-reader-text\">Membres et contacts<\/span><\/a><\/p>\n","protected":false},"author":1,"featured_media":0,"parent":0,"menu_order":0,"comment_status":"closed","ping_status":"closed","template":"","meta":[],"_links":{"self":[{"href":"https:\/\/www.interaaction.com\/index.php\/wp-json\/wp\/v2\/pages\/7"}],"collection":[{"href":"https:\/\/www.interaaction.com\/index.php\/wp-json\/wp\/v2\/pages"}],"about":[{"href":"https:\/\/www.interaaction.com\/index.php\/wp-json\/wp\/v2\/types\/page"}],"author":[{"embeddable":true,"href":"https:\/\/www.interaaction.com\/index.php\/wp-json\/wp\/v2\/users\/1"}],"replies":[{"embeddable":true,"href":"https:\/\/www.interaaction.com\/index.php\/wp-json\/wp\/v2\/comments?post=7"}],"version-history":[{"count":13,"href":"https:\/\/www.interaaction.com\/index.php\/wp-json\/wp\/v2\/pages\/7\/revisions"}],"predecessor-version":[{"id":250,"href":"https:\/\/www.interaaction.com\/index.php\/wp-json\/wp\/v2\/pages\/7\/revisions\/250"}],"wp:attachment":[{"href":"https:\/\/www.interaaction.com\/index.php\/wp-json\/wp\/v2\/media?parent=7"}],"curies":[{"name":"wp","href":"https:\/\/api.w.org\/{rel}","templated":true}]}}