{"id":65,"date":"2021-03-10T12:52:29","date_gmt":"2021-03-10T11:52:29","guid":{"rendered":"http:\/\/www.interaaction.com\/?page_id=65"},"modified":"2021-04-13T14:18:07","modified_gmt":"2021-04-13T12:18:07","slug":"formation","status":"publish","type":"page","link":"https:\/\/www.interaaction.com\/index.php\/formation\/","title":{"rendered":"Formations, Conseils &#038; Accompagnements"},"content":{"rendered":"\n<h2>En formation initiale<\/h2>\n\n\n\n<h3>Si vous \u00eates responsable d&#8217;une fili\u00e8re d&#8217;enseignement ou de formation m\u00e9dicale ou param\u00e9dicale<\/h3>\n\n\n\n<p>Nous intervenons dans tout cursus universitaire ou professionnel o\u00f9 la question de la CAA peut se poser. Par exemple, nous donnons (ou avons donn\u00e9) des s\u00e9minaires en :<\/p>\n\n\n\n<ul><li>Master de l&#8217;\u00e9ducation, de l&#8217;enseignement et de la formation (MEEF);<\/li><li>Master de neuropsychologie de l&#8217;enfant;<\/li><li>Master d&#8217;orthophonie;<\/li><li>Licence MIASHS<\/li><\/ul>\n\n\n\n<p>etc.<\/p>\n\n\n\n<p>N&#8217;h\u00e9sitez pas \u00e0 nous contacter pour ce type d&#8217;intervention : former ou au moins sensibiliser les \u00e9tudiants \u00e0 la CAA est un enjeu de taille actuellement en France, nous le faisons en int\u00e9grant les connaissances de la litt\u00e9rature internationale. Nos interventions soutiennent la pratique fond\u00e9e sur des preuves et contribuent \u00e0 lutter contre les mythes li\u00e9s \u00e0 la communication et au langage.<\/p>\n\n\n\n<p>Si vous \u00eates \u00e9tudiants et souhaitez r\u00e9aliser un projet ou un m\u00e9moire sur la CAA ou le d\u00e9veloppement des outils de CAA, n&#8217;h\u00e9sitez pas \u00e0 nous contacter.<\/p>\n\n\n\n<div class=\"wp-block-media-text alignwide is-stacked-on-mobile\"><figure class=\"wp-block-media-text__media\"><img loading=\"lazy\" width=\"500\" height=\"500\" src=\"https:\/\/www.interaaction.com\/wp-content\/uploads\/2021\/04\/ROSACE_CAA-1.png\" alt=\"\" class=\"wp-image-252 size-full\" srcset=\"https:\/\/www.interaaction.com\/wp-content\/uploads\/2021\/04\/ROSACE_CAA-1.png 500w, https:\/\/www.interaaction.com\/wp-content\/uploads\/2021\/04\/ROSACE_CAA-1-300x300.png 300w, https:\/\/www.interaaction.com\/wp-content\/uploads\/2021\/04\/ROSACE_CAA-1-150x150.png 150w\" sizes=\"(max-width: 500px) 100vw, 500px\" \/><\/figure><div class=\"wp-block-media-text__content\">\n<p class=\"has-large-font-size\">Nous vous rappelons que la CAA peut impliquer de tr\u00e8s nombreux domaines de recherche et d&#8217;application&#8230;<\/p>\n<\/div><\/div>\n\n\n\n<h2>En formation continue<\/h2>\n\n\n\n<p>Nous proposons des Formations, Conseils &amp; Accompagnements destin\u00e9s aux organisation avec une optique de d\u00e9veloppement participatif, c&#8217;est-\u00e0-dire de la mise en place de solutions dans l&#8217;interaction entre les professionnels et les chercheurs et reposant sur les avanc\u00e9es r\u00e9centes de la recherche en sciences du langage, cognitives et en informatique.<\/p>\n\n\n\n<p>Parmi les formations possibles, nous proposons :<\/p>\n\n\n\n<ul><li>Une introduction \u00e0 la CAA, aux connaissances et dispositifs actuellement disponibles sur le plan international ainsi que des l\u00e9gislations en cours. Il est important de baser la pratique sur les th\u00e9ories et conceptions r\u00e9centes du fonctionnement cognitif et langagier. Cela inclut :<ul><li>Une pr\u00e9sentation globale et critique des outils existant (en version low-tech et high-tech) gratuits ou payants. Une d\u00e9monstration de certains de ces outils.<\/li><li>Une pr\u00e9sentation des formations existantes sur ces outils si l&#8217;organisation souhaite utiliser un outils plus sp\u00e9cifiquement.<\/li><\/ul><\/li><li>Les moyens d&#8217;interaction avec l&#8217;ordinateur ou la tablette (dont le suivi oculaire)<\/li><\/ul>\n\n\n\n<p>Nous pouvons aussi intervenir sous forme de Webinaire ou de conf\u00e9rence en pr\u00e9sentiel pour le grand public ou pour les familles concern\u00e9es.<\/p>\n\n\n\n<p><strong>Nos formations, conseils &amp; accompagnements sont totalement int\u00e9gr\u00e9s \u00e0 notre recherche et se font sur-mesure. Ils peuvent \u00eatre une simple sensibilisation \u00e0 la CAA ou bien aller jusqu&#8217;\u00e0 l&#8217;accompagnement r\u00e9gulier sur une p\u00e9riode plus ou moins longue avec nos \u00e9quipes. Nous pouvons notamment encadrer les projets d&#8217;\u00e9tudiants de diff\u00e9rents cursus qui peuvent, en accord avec les organisations, intervenir dans la structure.<\/strong> <\/p>\n\n\n\n<h2>Equipe<\/h2>\n\n\n\n<p>L&#8217;\u00e9quipe est pluridisciplinaire et ses membres sont titulaires de dipl\u00f4mes universitaires de master et\/ou doctorat et contribuent au d\u00e9veloppement de la recherche sur la Communication Alternative et Augment\u00e9e par des publications revues par des pairs. Tous allient une proximit\u00e9 du terrain et des utilisateurs finals ainsi des comp\u00e9tences pratiques et th\u00e9oriques en sciences et techniques du langage et en communication et interactions humaines m\u00e9di\u00e9es par la machine.<br><br><strong>Les revenus de ces formations sont int\u00e9gralement r\u00e9investis (salaires, indemnit\u00e9s, mat\u00e9riel, logiciels, cours aupr\u00e8s des \u00e9tudiants) dans la recherche scientifique et technologique ainsi que la valorisation de ses r\u00e9sultats (articles scientifiques et logiciels\/donn\u00e9es librement accessibles comme par exemple Interaaction GazePlay, Interaaction Scene ou encore Interaaction AugCom). <\/strong><\/p>\n\n\n\n<h2><strong>Contacts<\/strong><\/h2>\n\n\n\n<p>Si vous \u00eates un institut, une organisation qui souhaite mettre en place une solution via une collaboration recherche-terrain veuillez envoyer un courrier \u00e9lectronique \u00e0 :<br>Didier Schwab \u00e0 l&#8217;adresse pr\u00e9nom.nom @univ-grenoble-alpes.fr.<\/p>\n\n\n\n<p>Si vous souhaitez organiser une conf\u00e9rences, un cours d&#8217;introduction \u00e0 la CAA veuillez envoyer un courrier \u00e9lectronique \u00e0 :<\/p>\n\n\n\n<p>Am\u00e9lie Rochet-Capellan \u00e0 l&#8217;adresse pr\u00e9nom.nom@grenoble-inp.fr.<\/p>\n\n\n\n<p>Si vous \u00eates \u00e9tudiant\u00b7e et souhaitez rejoindre l&#8217;\u00e9quipe, contactez la personne dont les travaux de recherche se rapprochent le plus de vos int\u00e9r\u00eats :<\/p>\n\n\n\n<p><a href=\"https:\/\/www.gipsa-lab.grenoble-inp.fr\/~marion.dohen\/\">Marion Dohen<\/a> ou <a href=\"https:\/\/www.gipsa-lab.grenoble-inp.fr\/~amelie.rochet-capellan\/\">Am\u00e9lie Rochet-Capellan<\/a> : communication et langage multimodal, r\u00f4le du geste dans la communication, cognition ancr\u00e9e, apprentissage sensori-moteur et comp\u00e9tences langagi\u00e8re etc.<\/p>\n\n\n\n<p>Didier Schwab ou Benjamin Lecouteux : <\/p>\n","protected":false},"excerpt":{"rendered":"<p>En formation initiale Si vous \u00eates responsable d&#8217;une fili\u00e8re d&#8217;enseignement ou de formation m\u00e9dicale ou param\u00e9dicale Nous intervenons dans tout cursus universitaire ou professionnel o\u00f9 la question de la CAA peut se poser. Par exemple, nous donnons (ou avons donn\u00e9) des s\u00e9minaires en : Master de l&#8217;\u00e9ducation, de l&#8217;enseignement et de la formation (MEEF); Master&hellip; <a class=\"more-link\" href=\"https:\/\/www.interaaction.com\/index.php\/formation\/\">Continue reading <span class=\"screen-reader-text\">Formations, Conseils &#038; Accompagnements<\/span><\/a><\/p>\n","protected":false},"author":1,"featured_media":0,"parent":0,"menu_order":0,"comment_status":"closed","ping_status":"closed","template":"","meta":[],"_links":{"self":[{"href":"https:\/\/www.interaaction.com\/index.php\/wp-json\/wp\/v2\/pages\/65"}],"collection":[{"href":"https:\/\/www.interaaction.com\/index.php\/wp-json\/wp\/v2\/pages"}],"about":[{"href":"https:\/\/www.interaaction.com\/index.php\/wp-json\/wp\/v2\/types\/page"}],"author":[{"embeddable":true,"href":"https:\/\/www.interaaction.com\/index.php\/wp-json\/wp\/v2\/users\/1"}],"replies":[{"embeddable":true,"href":"https:\/\/www.interaaction.com\/index.php\/wp-json\/wp\/v2\/comments?post=65"}],"version-history":[{"count":10,"href":"https:\/\/www.interaaction.com\/index.php\/wp-json\/wp\/v2\/pages\/65\/revisions"}],"predecessor-version":[{"id":253,"href":"https:\/\/www.interaaction.com\/index.php\/wp-json\/wp\/v2\/pages\/65\/revisions\/253"}],"wp:attachment":[{"href":"https:\/\/www.interaaction.com\/index.php\/wp-json\/wp\/v2\/media?parent=65"}],"curies":[{"name":"wp","href":"https:\/\/api.w.org\/{rel}","templated":true}]}}