{"id":6,"date":"2021-03-04T10:17:09","date_gmt":"2021-03-04T09:17:09","guid":{"rendered":"http:\/\/www.interaaction.com\/?page_id=6"},"modified":"2021-03-22T21:12:31","modified_gmt":"2021-03-22T20:12:31","slug":"interaaction-2","status":"publish","type":"page","link":"https:\/\/www.interaaction.com\/","title":{"rendered":"InterAACtion"},"content":{"rendered":"\n<div class=\"wp-block-columns\">\n<div class=\"wp-block-column\" style=\"flex-basis:100%\">\n<div class=\"wp-block-columns\">\n<div class=\"wp-block-column\">\n<div class=\"wp-block-columns\">\n<div class=\"wp-block-column\">\n<div class=\"wp-block-columns\">\n<div class=\"wp-block-column\">\n<h2>Recherches et Formations pour comprendre et am\u00e9liorer la communication des personnes qui ont des difficult\u00e9s avec la parole<\/h2>\n\n\n\n<div class=\"wp-block-columns\">\n<div class=\"wp-block-column\" style=\"flex-basis:70%\">\n<p class=\"has-drop-cap has-dark-gray-background-color has-background\">InterAACtion est un groupe de recherche et de formation sur la Communication Augment\u00e9e et Alternatives inter-disciplinaire de l&#8217;universit\u00e9 de Grenoble Alpes. <\/p>\n\n\n\n<p class=\"has-drop-cap has-purple-background-color has-background\">La CAA regroupe un ensemble d&#8217;outils et de m\u00e9thodes pour permettre aux personnes qui ne peuvent pas communiquer pleinement pas la parole de mani\u00e8re transitoire ou permanente. Elle peut augmenter, am\u00e9liorer la parole ou la remplacer quand cette derni\u00e8re n&#8217;est pas possible. Elle permet le d\u00e9veloppement de comp\u00e9tences interactives sur les plans cognitifs et sensori-moteurs, favorise l&#8217;int\u00e9gration sociale et le bien \u00eatre de la personne et de ses proches. Toute personne qui a des difficult\u00e9s pour exprimer ses pens\u00e9es, ses besoins, ses envies, ses \u00e9motions, ses inqui\u00e9tudes, sa cr\u00e9ativit\u00e9 par le langage parl\u00e9 devrait pouvoir le faire par d&#8217;autres moyens. C&#8217;est un devoir de la soci\u00e9t\u00e9 de faire en sorte que ce droit soit respect\u00e9, en particulier pour les personnes les plus fragiles.<\/p>\n\n\n\n<p class=\"has-text-align-center has-white-color has-dark-gray-background-color has-text-color has-background\"> InterAACtion a pour objectif de :<\/p>\n\n\n\n<p class=\"has-drop-cap has-orange-background-color has-background\">1 Diffuser les connaissances actuelles de la recherche internationale pertinentes pour l&#8217;usage de la Communication Augment\u00e9e et Alternative avec des personnes en situation de handicap complexe afin d&#8217;aider son d\u00e9veloppement en France.<\/p>\n\n\n\n<p class=\"has-drop-cap has-yellow-background-color has-background\">2 De faire avancer la connaissances et les m\u00e9thodes \u00e0 un niveau international en d\u00e9veloppant des projets de recherche collaboratifs et participatifs avec les acteurs de terrains et les aidants des personnes concern\u00e9es.<\/p>\n\n\n\n<p class=\"has-drop-cap has-red-background-color has-background\">3 D\u00e9velopper des outils de CAA libres, standardis\u00e9s et accessibles, qui soient adapt\u00e9es aux personnes en situation de handicap s\u00e9v\u00e8re, \u00e0 la langue fran\u00e7aise et au quotidien.<\/p>\n<\/div>\n\n\n\n<div class=\"wp-block-column\">\n<figure class=\"wp-block-image size-large\"><img loading=\"lazy\" width=\"624\" height=\"417\" src=\"http:\/\/www.interaaction.com\/wp-content\/uploads\/2021\/03\/mgopfjhgjnajifbm.png\" alt=\"\" class=\"wp-image-168\" srcset=\"https:\/\/www.interaaction.com\/wp-content\/uploads\/2021\/03\/mgopfjhgjnajifbm.png 624w, https:\/\/www.interaaction.com\/wp-content\/uploads\/2021\/03\/mgopfjhgjnajifbm-300x200.png 300w\" sizes=\"(max-width: 624px) 100vw, 624px\" \/><figcaption>Communiquer avec gestes et des signes<\/figcaption><\/figure>\n\n\n\n<figure class=\"wp-block-image alignwide size-medium\"><img loading=\"lazy\" width=\"300\" height=\"130\" src=\"http:\/\/www.interaaction.com\/wp-content\/uploads\/2021\/03\/img1-300x130.png\" alt=\"\" class=\"wp-image-164\" srcset=\"https:\/\/www.interaaction.com\/wp-content\/uploads\/2021\/03\/img1-300x130.png 300w, https:\/\/www.interaaction.com\/wp-content\/uploads\/2021\/03\/img1.png 460w\" sizes=\"(max-width: 300px) 100vw, 300px\" \/><figcaption>Communiquer en montrant un tableau de pictogrammes<\/figcaption><\/figure>\n\n\n\n<figure class=\"wp-block-image alignwide size-medium\"><img loading=\"lazy\" width=\"300\" height=\"130\" src=\"http:\/\/www.interaaction.com\/wp-content\/uploads\/2021\/03\/img2-300x130.png\" alt=\"\" class=\"wp-image-165\" srcset=\"https:\/\/www.interaaction.com\/wp-content\/uploads\/2021\/03\/img2-300x130.png 300w, https:\/\/www.interaaction.com\/wp-content\/uploads\/2021\/03\/img2.png 460w\" sizes=\"(max-width: 300px) 100vw, 300px\" \/><figcaption>Communiquer avec une tablette <\/figcaption><\/figure>\n\n\n\n<figure class=\"wp-block-image size-medium\"><img loading=\"lazy\" width=\"300\" height=\"130\" src=\"http:\/\/www.interaaction.com\/wp-content\/uploads\/2021\/03\/img3-300x130.png\" alt=\"\" class=\"wp-image-166\" srcset=\"https:\/\/www.interaaction.com\/wp-content\/uploads\/2021\/03\/img3-300x130.png 300w, https:\/\/www.interaaction.com\/wp-content\/uploads\/2021\/03\/img3.png 460w\" sizes=\"(max-width: 300px) 100vw, 300px\" \/><figcaption>Interagir et communiquer avec la commande oculaire<\/figcaption><\/figure>\n<\/div>\n<\/div>\n<\/div>\n<\/div>\n<\/div>\n<\/div>\n<\/div>\n<\/div>\n<\/div>\n<\/div>\n\n\n\n<div class=\"wp-block-group alignwide\"><div class=\"wp-block-group__inner-container\">\n<div class=\"wp-block-group\"><div class=\"wp-block-group__inner-container\">\n<p class=\"has-drop-cap has-white-color has-dark-gray-background-color has-text-color has-background\">InterAACtion implique des enseignants-chercheurs et des chercheurs de deux laboratoires de recherche : le laboratoire Gipsa-lab (Grenoble, Image, Parole, Signal, Automatique) et le LIG (Laboratoire d&#8217;informatique de Grenoble). Ces deux laboratoires sont des Unit\u00e9s Mixtes de Recherche rattach\u00e9es \u00e0 l&#8217;Universit\u00e9 Grenoble Alpes, au CNRS et \u00e0 Grenoble INP.<\/p>\n<\/div><\/div>\n<\/div><\/div>\n\n\n\n<p><\/p>\n\n\n\n<div class=\"wp-block-columns\">\n<div class=\"wp-block-column\" style=\"flex-basis:100%\">\n<div class=\"wp-block-group\"><div class=\"wp-block-group__inner-container\">\n<div class=\"wp-block-columns\">\n<div class=\"wp-block-column\">\n<figure class=\"wp-block-image size-large is-resized\"><a href=\"http:\/\/www.gipsa-lab.grenoble-inp.fr\"><img loading=\"lazy\" src=\"http:\/\/www.interaaction.com\/wp-content\/uploads\/2021\/03\/logo-Gipsa.png\" alt=\"logo-Gipsa\" class=\"wp-image-111\" width=\"250\" height=\"250\" srcset=\"https:\/\/www.interaaction.com\/wp-content\/uploads\/2021\/03\/logo-Gipsa.png 500w, https:\/\/www.interaaction.com\/wp-content\/uploads\/2021\/03\/logo-Gipsa-300x300.png 300w, https:\/\/www.interaaction.com\/wp-content\/uploads\/2021\/03\/logo-Gipsa-150x150.png 150w\" sizes=\"(max-width: 250px) 100vw, 250px\" \/><\/a><\/figure>\n<\/div>\n\n\n\n<div class=\"wp-block-column\">\n<figure class=\"wp-block-image size-large is-resized\"><a href=\"https:\/\/www.liglab.fr\"><img src=\"http:\/\/www.interaaction.com\/wp-content\/uploads\/2021\/03\/logo_couleur_LIG_2021-1-e1615449686296.png\" alt=\"logo-lig\" class=\"wp-image-73\" width=\"250\" srcset=\"https:\/\/www.interaaction.com\/wp-content\/uploads\/2021\/03\/logo_couleur_LIG_2021-1-e1615449686296.png 500w, https:\/\/www.interaaction.com\/wp-content\/uploads\/2021\/03\/logo_couleur_LIG_2021-1-e1615449686296-300x217.png 300w\" sizes=\"(max-width: 500px) 100vw, 500px\" \/><\/a><\/figure>\n<\/div>\n<\/div>\n<\/div><\/div>\n<\/div>\n<\/div>\n\n\n\n<div class=\"wp-block-columns\">\n<div class=\"wp-block-column\">\n<div class=\"wp-block-group\"><div class=\"wp-block-group__inner-container\">\n<div class=\"wp-block-columns\">\n<div class=\"wp-block-column\">\n<figure class=\"wp-block-image size-large is-resized\"><a href=\"https:\/\/www.cnrs.fr\"><img loading=\"lazy\" src=\"http:\/\/www.interaaction.com\/wp-content\/uploads\/2021\/03\/logo-CNRS.png\" alt=\"\" class=\"wp-image-112\" width=\"190\" height=\"190\" srcset=\"https:\/\/www.interaaction.com\/wp-content\/uploads\/2021\/03\/logo-CNRS.png 500w, https:\/\/www.interaaction.com\/wp-content\/uploads\/2021\/03\/logo-CNRS-300x300.png 300w, https:\/\/www.interaaction.com\/wp-content\/uploads\/2021\/03\/logo-CNRS-150x150.png 150w\" sizes=\"(max-width: 190px) 100vw, 190px\" \/><\/a><\/figure>\n<\/div>\n\n\n\n<div class=\"wp-block-column\">\n<figure class=\"wp-block-image size-large is-resized\"><img src=\"http:\/\/www.interaaction.com\/wp-content\/uploads\/2021\/03\/uga-1024x628.png\" alt=\"\" class=\"wp-image-136\" width=\"190\" srcset=\"https:\/\/www.interaaction.com\/wp-content\/uploads\/2021\/03\/uga-1024x628.png 1024w, https:\/\/www.interaaction.com\/wp-content\/uploads\/2021\/03\/uga-300x184.png 300w, https:\/\/www.interaaction.com\/wp-content\/uploads\/2021\/03\/uga-768x471.png 768w, https:\/\/www.interaaction.com\/wp-content\/uploads\/2021\/03\/uga.png 1280w\" sizes=\"(max-width: 1024px) 100vw, 1024px\" \/><\/figure>\n<\/div>\n\n\n\n<div class=\"wp-block-column\">\n<figure class=\"wp-block-image alignwide size-large\"><a href=\"https:\/\/www.grenoble-inp.fr\"><img loading=\"lazy\" width=\"393\" height=\"263\" src=\"http:\/\/www.interaaction.com\/wp-content\/uploads\/2021\/03\/Grenoble_INP_logo.png\" alt=\"\" class=\"wp-image-115\" srcset=\"https:\/\/www.interaaction.com\/wp-content\/uploads\/2021\/03\/Grenoble_INP_logo.png 393w, https:\/\/www.interaaction.com\/wp-content\/uploads\/2021\/03\/Grenoble_INP_logo-300x201.png 300w\" sizes=\"(max-width: 393px) 100vw, 393px\" \/><\/a><\/figure>\n<\/div>\n<\/div>\n<\/div><\/div>\n<\/div>\n<\/div>\n\n\n\n<p><\/p>\n","protected":false},"excerpt":{"rendered":"","protected":false},"author":1,"featured_media":0,"parent":0,"menu_order":0,"comment_status":"closed","ping_status":"closed","template":"","meta":[],"_links":{"self":[{"href":"https:\/\/www.interaaction.com\/index.php\/wp-json\/wp\/v2\/pages\/6"}],"collection":[{"href":"https:\/\/www.interaaction.com\/index.php\/wp-json\/wp\/v2\/pages"}],"about":[{"href":"https:\/\/www.interaaction.com\/index.php\/wp-json\/wp\/v2\/types\/page"}],"author":[{"embeddable":true,"href":"https:\/\/www.interaaction.com\/index.php\/wp-json\/wp\/v2\/users\/1"}],"replies":[{"embeddable":true,"href":"https:\/\/www.interaaction.com\/index.php\/wp-json\/wp\/v2\/comments?post=6"}],"version-history":[{"count":44,"href":"https:\/\/www.interaaction.com\/index.php\/wp-json\/wp\/v2\/pages\/6\/revisions"}],"predecessor-version":[{"id":203,"href":"https:\/\/www.interaaction.com\/index.php\/wp-json\/wp\/v2\/pages\/6\/revisions\/203"}],"wp:attachment":[{"href":"https:\/\/www.interaaction.com\/index.php\/wp-json\/wp\/v2\/media?parent=6"}],"curies":[{"name":"wp","href":"https:\/\/api.w.org\/{rel}","templated":true}]}}